{"id":8242,"date":"2026-02-02T14:03:50","date_gmt":"2026-02-02T14:03:50","guid":{"rendered":"https:\/\/cwsisecurity.com\/a-propos-de-nous\/nos-politiques\/lengagement-de-cwsi-envers-la-valeur-sociale\/"},"modified":"2026-03-26T14:11:12","modified_gmt":"2026-03-26T14:11:12","slug":"lengagement-de-cwsi-envers-la-valeur-sociale","status":"publish","type":"page","link":"https:\/\/cwsisecurity.com\/fr\/a-propos-de-nous\/nos-politiques\/lengagement-de-cwsi-envers-la-valeur-sociale\/","title":{"rendered":"L\u2019engagement de CWSI envers la valeur sociale"},"content":{"rendered":"\n<h1 class=\"wp-block-heading\">L\u2019engagement de CWSI envers la valeur sociale<\/h1>\n\n<h2 class=\"wp-block-heading\">Aper\u00e7u de l&rsquo;entreprise<\/h2>\n\n<p>Chez CWSI, la valeur sociale n&rsquo;est pas trait\u00e9e comme un concept abstrait ou une initiative d&rsquo;entreprise isol\u00e9e ; elle fait partie int\u00e9grante de notre fonctionnement en tant que prestataire &#13;\nde services de cybers\u00e9curit\u00e9 responsable et par la mani\u00e8re dont nous apportons de la valeur &#13;\ngr\u00e2ce aux contrats du secteur public. Nous reconnaissons que les organismes fournissant des &#13;\nservices pour le compte du secteur public ont le devoir de contribuer positivement \u00e0 la soci\u00e9t\u00e9, &#13;\n\u00e0 l&rsquo;\u00e9conomie et \u00e0 l&rsquo;environnement, tout en offrant des r\u00e9sultats s\u00fbrs et de haute qualit\u00e9 aux &#13;\nutilisateurs. Notre approche de la valeur sociale est donc ancr\u00e9e dans des actions concr\u00e8tes, &#13;\nune gouvernance claire et un engagement en faveur de l&rsquo;am\u00e9lioration permanente.<\/p>\n\n<p>En tant qu&rsquo;organisme sp\u00e9cialis\u00e9 op\u00e9rant dans le secteur de la cybers\u00e9curit\u00e9 et de la &#13;\ntechnologie, nous sommes parfaitement conscients des d\u00e9fis sociaux qui interagissent avec &#13;\nnotre fili\u00e8re. Ceux-ci incluent les p\u00e9nuries constantes de comp\u00e9tences, la sous-repr\u00e9sentation &#13;\nde certains groupes dans les r\u00f4les technologiques, les pressions sur le bien-\u00eatre associ\u00e9es au &#13;\ntravail num\u00e9rique \u00e0 haute responsabilit\u00e9, et le besoin croissant de r\u00e9duire l&rsquo;impact &#13;\nenvironnemental conform\u00e9ment aux objectifs climatiques nationaux. Notre approche de la &#13;\nvaleur sociale a \u00e9t\u00e9 \u00e9labor\u00e9e pour r\u00e9pondre \u00e0 ces r\u00e9alit\u00e9s, garantissant que nos engagements &#13;\nsont pertinents pour nos services, proportionn\u00e9s \u00e0 notre mod\u00e8le op\u00e9rationnel et r\u00e9alisables &#13;\ntout au long du cycle d\u2019application des contrats du secteur public.<\/p>\n\n<p>CWSI dispose d\u00e9j\u00e0 d&rsquo;une base solide d&rsquo;activit\u00e9s dont la valeur sociale est prouv\u00e9e. Nous &#13;\nmaintenons un cadre de gouvernance clair soutenu par des politiques \u00e9tablies, notamment en &#13;\nmati\u00e8re de diversit\u00e9 et d&rsquo;inclusion, d&rsquo;environnement, d&rsquo;ESG, de b\u00e9n\u00e9volat, de sant\u00e9 et de &#13;\ns\u00e9curit\u00e9, ainsi que de politiques de travail flexible, toutes \u00e9tant activement pr\u00e9serv\u00e9es et &#13;\nr\u00e9vis\u00e9es. Ces politiques assurent la responsabilit\u00e9 au niveau&#13;\norganisationnel et garantissent que les consid\u00e9rations de valeur &#13;\nsociale sont int\u00e9gr\u00e9es dans la prise de d\u00e9cision plut\u00f4t que d&rsquo;\u00eatre trait\u00e9es apr\u00e8s coup<\/p>\n\n<p>Notre engagement envers les personnes se manifeste par des actions concr\u00e8tes. Nous &#13;\ninvestissons consid\u00e9rablement dans le d\u00e9veloppement de la main-d&rsquo;\u0153uvre, avec un &#13;\nengagement minimum de 80 heures de formation par employ\u00e9 et par an, soutenant ainsi la &#13;\nprogression dans un secteur \u00e0 forte croissance et aux comp\u00e9tences limit\u00e9es.<\/p>\n\n<p>Nous compl\u00e9tons cela par des contrats d&rsquo;apprentissage, des parcours de d\u00e9but de carri\u00e8re et des initiatives de &#13;\nmentorat externe qui soutiennent les individus issus de milieux sous-repr\u00e9sent\u00e9s et socio\u00e9conomiquement d\u00e9favoris\u00e9s vers des carri\u00e8res li\u00e9es \u00e0 la technologie et \u00e0 la cybers\u00e9curit\u00e9. Ces initiatives refl\u00e8tent notre conviction que la croissance \u00e9conomique et la r\u00e9silience \u00e0 long terme &#13;\nd\u00e9pendent de l&rsquo;\u00e9largissement de l&rsquo;acc\u00e8s aux opportunit\u00e9s et du d\u00e9veloppement des talents \u00e0&#13;\ntous les stades de la fili\u00e8re.<\/p>\n\n<p>Le bien-\u00eatre est un autre pilier central de notre prestation de valeur sociale. Nous offrons<br\/>l&rsquo;acc\u00e8s \u00e0 un soutien complet en mati\u00e8re de bien-\u00eatre par le biais de programmes d&rsquo;aide aux<br\/>employ\u00e9s, d&rsquo;ateliers sur la sant\u00e9 mentale, de modalit\u00e9s de travail flexibles et d&rsquo;activit\u00e9s<br\/>d&rsquo;engagement structur\u00e9es. Ces mesures sont con\u00e7ues pour soutenir la sant\u00e9 physique,<br\/>mentale et \u00e9motionnelle, en reconnaissant le lien direct entre le bien-\u00eatre, la productivit\u00e9 et la<br\/>qualit\u00e9 du service. En favorisant un environnement de travail inclusif et solidaire, nous visons \u00e0 retenir les professionnels qualifi\u00e9s et \u00e0 maintenir la r\u00e9silience requise pour fournir les services essentiels<br\/>aux clients du secteur public.<\/p>\n\n<p>La responsabilit\u00e9 environnementale est abord\u00e9e au travers de d\u00e9cisions op\u00e9rationnelles pratiques qui refl\u00e8tent notre mod\u00e8le de fonctionnement ax\u00e9 sur le &#13;\nnum\u00e9rique. Nous avons int\u00e9gr\u00e9 des engagements environnementaux dans notre cadre ESG, adopt\u00e9 une approche privil\u00e9giant le t\u00e9l\u00e9travail pour r\u00e9duire les \u00e9missions li\u00e9es aux d\u00e9placements, assur\u00e9 la transition de notre flotte de v\u00e9hicules vers des v\u00e9hicules hybrides et \u00e9lectriques, et veill\u00e9 \u00e0 ce que tous les b\u00e2timents soient aliment\u00e9s en \u00e9nergie verte. Bien que nous reconnaissions que des efforts suppl\u00e9mentaires sont n\u00e9cessaires pour formaliser les bases de r\u00e9f\u00e9rence des \u00e9missions et les objectifs \u00e0 long terme, ces mesures existantes d\u00e9montrent que les consid\u00e9rations environnementales sont d\u00e9j\u00e0 ancr\u00e9es dans notre mode de fonctionnement et que nous avons entam\u00e9 le processus de comptabilisation et de calcul de notre production d&rsquo;\u00e9missions.<\/p>\n\n<p>CWSI s&rsquo;engage \u00e0 b\u00e2tir sur cette assise. Nous continuerons \u00e0 renforcer notre prestation de valeur &#13;\nsociale par des mesures am\u00e9lior\u00e9es, un engagement local cibl\u00e9 et le d\u00e9veloppement &#13;\nresponsable de nouvelles initiatives l\u00e0 o\u00f9 des lacunes ont \u00e9t\u00e9 identifi\u00e9es. En alignant notre &#13;\napproche sur le mod\u00e8le de valeur sociale du gouvernement britannique et en travaillant en &#13;\ncollaboration avec les autorit\u00e9s contractantes, les parties prenantes et les communaut\u00e9s, nous &#13;\nvisons non seulement \u00e0 r\u00e9pondre aux exigences de valeur sociale, mais aussi \u00e0 am\u00e9liorer &#13;\ncontinuellement l&rsquo;impact positif que nous cr\u00e9ons \u00e0 travers les services que nous fournissons.<\/p>\n\n<p><strong>Date de publication :<\/strong>\u00a030 janvier 2026<\/p>\n","protected":false},"excerpt":{"rendered":"<p>L\u2019engagement de CWSI envers la valeur sociale Aper\u00e7u de l&rsquo;entreprise Chez CWSI, la valeur sociale n&rsquo;est pas trait\u00e9e comme un concept abstrait ou une initiative d&rsquo;entreprise isol\u00e9e ; elle fait partie int\u00e9grante de notre fonctionnement en tant que prestataire &#13; de services de cybers\u00e9curit\u00e9 responsable et par la mani\u00e8re dont nous apportons de la valeur [&hellip;]<\/p>\n","protected":false},"author":1,"featured_media":0,"parent":5821,"menu_order":0,"comment_status":"closed","ping_status":"closed","template":"","meta":{"_acf_changed":false,"inline_featured_image":false,"footnotes":""},"class_list":["post-8242","page","type-page","status-publish","hentry"],"acf":[],"yoast_head":"<!-- This site is optimized with the Yoast SEO Premium plugin v27.3 (Yoast SEO v27.4) - https:\/\/yoast.com\/product\/yoast-seo-premium-wordpress\/ -->\n<title>L\u2019engagement de CWSI envers la valeur sociale - CWSI<\/title>\n<meta name=\"robots\" content=\"index, follow, max-snippet:-1, max-image-preview:large, max-video-preview:-1\" \/>\n<link rel=\"canonical\" href=\"https:\/\/cwsisecurity.com\/fr\/a-propos-de-nous\/nos-politiques\/lengagement-de-cwsi-envers-la-valeur-sociale\/\" \/>\n<meta property=\"og:locale\" content=\"fr_FR\" \/>\n<meta property=\"og:type\" content=\"article\" \/>\n<meta property=\"og:title\" content=\"L\u2019engagement de CWSI envers la valeur sociale\" \/>\n<meta property=\"og:description\" content=\"Security made human. Compliance made simple. Protect your business without slowing it down.\" \/>\n<meta property=\"og:url\" content=\"https:\/\/cwsisecurity.com\/fr\/a-propos-de-nous\/nos-politiques\/lengagement-de-cwsi-envers-la-valeur-sociale\/\" \/>\n<meta property=\"og:site_name\" content=\"CWSI\" \/>\n<meta property=\"article:modified_time\" content=\"2026-03-26T14:11:12+00:00\" \/>\n<meta property=\"og:image\" content=\"https:\/\/cwsisecurity.com\/wp-content\/uploads\/2026\/03\/cwsi-security-made-human-1.jpg\" \/>\n\t<meta property=\"og:image:width\" content=\"1200\" \/>\n\t<meta property=\"og:image:height\" content=\"675\" \/>\n\t<meta property=\"og:image:type\" content=\"image\/jpeg\" \/>\n<meta name=\"twitter:card\" content=\"summary_large_image\" \/>\n<meta name=\"twitter:label1\" content=\"Dur\u00e9e de lecture estim\u00e9e\" \/>\n\t<meta name=\"twitter:data1\" content=\"4 minutes\" \/>\n<script type=\"application\/ld+json\" class=\"yoast-schema-graph\">{\"@context\":\"https:\\\/\\\/schema.org\",\"@graph\":[{\"@type\":\"WebPage\",\"@id\":\"https:\\\/\\\/cwsisecurity.com\\\/fr\\\/a-propos-de-nous\\\/nos-politiques\\\/lengagement-de-cwsi-envers-la-valeur-sociale\\\/\",\"url\":\"https:\\\/\\\/cwsisecurity.com\\\/fr\\\/a-propos-de-nous\\\/nos-politiques\\\/lengagement-de-cwsi-envers-la-valeur-sociale\\\/\",\"name\":\"L\u2019engagement de CWSI envers la valeur sociale - CWSI\",\"isPartOf\":{\"@id\":\"https:\\\/\\\/cwsisecurity.com\\\/fr\\\/#website\"},\"datePublished\":\"2026-02-02T14:03:50+00:00\",\"dateModified\":\"2026-03-26T14:11:12+00:00\",\"breadcrumb\":{\"@id\":\"https:\\\/\\\/cwsisecurity.com\\\/fr\\\/a-propos-de-nous\\\/nos-politiques\\\/lengagement-de-cwsi-envers-la-valeur-sociale\\\/#breadcrumb\"},\"inLanguage\":\"fr-FR\",\"potentialAction\":[{\"@type\":\"ReadAction\",\"target\":[\"https:\\\/\\\/cwsisecurity.com\\\/fr\\\/a-propos-de-nous\\\/nos-politiques\\\/lengagement-de-cwsi-envers-la-valeur-sociale\\\/\"]}]},{\"@type\":\"BreadcrumbList\",\"@id\":\"https:\\\/\\\/cwsisecurity.com\\\/fr\\\/a-propos-de-nous\\\/nos-politiques\\\/lengagement-de-cwsi-envers-la-valeur-sociale\\\/#breadcrumb\",\"itemListElement\":[{\"@type\":\"ListItem\",\"position\":1,\"name\":\"Accueil\",\"item\":\"https:\\\/\\\/cwsisecurity.com\\\/fr\\\/\"},{\"@type\":\"ListItem\",\"position\":2,\"name\":\"\u00c0 propos de nous\",\"item\":\"https:\\\/\\\/cwsisecurity.com\\\/fr\\\/a-propos-de-nous\\\/\"},{\"@type\":\"ListItem\",\"position\":3,\"name\":\"Nos politiques\",\"item\":\"https:\\\/\\\/cwsisecurity.com\\\/fr\\\/a-propos-de-nous\\\/nos-politiques\\\/\"},{\"@type\":\"ListItem\",\"position\":4,\"name\":\"L\u2019engagement de CWSI envers la valeur sociale\"}]},{\"@type\":\"WebSite\",\"@id\":\"https:\\\/\\\/cwsisecurity.com\\\/fr\\\/#website\",\"url\":\"https:\\\/\\\/cwsisecurity.com\\\/fr\\\/\",\"name\":\"CWSI\",\"description\":\"\",\"publisher\":{\"@id\":\"https:\\\/\\\/cwsisecurity.com\\\/fr\\\/#organization\"},\"potentialAction\":[{\"@type\":\"SearchAction\",\"target\":{\"@type\":\"EntryPoint\",\"urlTemplate\":\"https:\\\/\\\/cwsisecurity.com\\\/fr\\\/?s={search_term_string}\"},\"query-input\":{\"@type\":\"PropertyValueSpecification\",\"valueRequired\":true,\"valueName\":\"search_term_string\"}}],\"inLanguage\":\"fr-FR\"},{\"@type\":\"Organization\",\"@id\":\"https:\\\/\\\/cwsisecurity.com\\\/fr\\\/#organization\",\"name\":\"CWSI\",\"url\":\"https:\\\/\\\/cwsisecurity.com\\\/fr\\\/\",\"logo\":{\"@type\":\"ImageObject\",\"inLanguage\":\"fr-FR\",\"@id\":\"https:\\\/\\\/cwsisecurity.com\\\/fr\\\/#\\\/schema\\\/logo\\\/image\\\/\",\"url\":\"https:\\\/\\\/cwsisecurity.com\\\/wp-content\\\/uploads\\\/2026\\\/03\\\/cwsi-logo-1.svg\",\"contentUrl\":\"https:\\\/\\\/cwsisecurity.com\\\/wp-content\\\/uploads\\\/2026\\\/03\\\/cwsi-logo-1.svg\",\"width\":125,\"height\":30,\"caption\":\"CWSI\"},\"image\":{\"@id\":\"https:\\\/\\\/cwsisecurity.com\\\/fr\\\/#\\\/schema\\\/logo\\\/image\\\/\"},\"sameAs\":[\"https:\\\/\\\/www.linkedin.com\\\/company\\\/cwsi\\\/\",\"https:\\\/\\\/www.youtube.com\\\/@cwsimobileandcloudsecurity361\"],\"description\":\"Security made human. Compliance made simple. Protect your business without slowing it down.\",\"email\":\"info.uk@cwsisecurity.com\",\"telephone\":\"+44 1189 344 300\",\"legalName\":\"CWSI Security\",\"numberOfEmployees\":{\"@type\":\"QuantitativeValue\",\"minValue\":\"51\",\"maxValue\":\"200\"}}]}<\/script>\n<!-- \/ Yoast SEO Premium plugin. -->","yoast_head_json":{"title":"L\u2019engagement de CWSI envers la valeur sociale - CWSI","robots":{"index":"index","follow":"follow","max-snippet":"max-snippet:-1","max-image-preview":"max-image-preview:large","max-video-preview":"max-video-preview:-1"},"canonical":"https:\/\/cwsisecurity.com\/fr\/a-propos-de-nous\/nos-politiques\/lengagement-de-cwsi-envers-la-valeur-sociale\/","og_locale":"fr_FR","og_type":"article","og_title":"L\u2019engagement de CWSI envers la valeur sociale","og_description":"Security made human. Compliance made simple. Protect your business without slowing it down.","og_url":"https:\/\/cwsisecurity.com\/fr\/a-propos-de-nous\/nos-politiques\/lengagement-de-cwsi-envers-la-valeur-sociale\/","og_site_name":"CWSI","article_modified_time":"2026-03-26T14:11:12+00:00","og_image":[{"width":1200,"height":675,"url":"https:\/\/cwsisecurity.com\/wp-content\/uploads\/2026\/03\/cwsi-security-made-human-1.jpg","type":"image\/jpeg"}],"twitter_card":"summary_large_image","twitter_misc":{"Dur\u00e9e de lecture estim\u00e9e":"4 minutes"},"schema":{"@context":"https:\/\/schema.org","@graph":[{"@type":"WebPage","@id":"https:\/\/cwsisecurity.com\/fr\/a-propos-de-nous\/nos-politiques\/lengagement-de-cwsi-envers-la-valeur-sociale\/","url":"https:\/\/cwsisecurity.com\/fr\/a-propos-de-nous\/nos-politiques\/lengagement-de-cwsi-envers-la-valeur-sociale\/","name":"L\u2019engagement de CWSI envers la valeur sociale - CWSI","isPartOf":{"@id":"https:\/\/cwsisecurity.com\/fr\/#website"},"datePublished":"2026-02-02T14:03:50+00:00","dateModified":"2026-03-26T14:11:12+00:00","breadcrumb":{"@id":"https:\/\/cwsisecurity.com\/fr\/a-propos-de-nous\/nos-politiques\/lengagement-de-cwsi-envers-la-valeur-sociale\/#breadcrumb"},"inLanguage":"fr-FR","potentialAction":[{"@type":"ReadAction","target":["https:\/\/cwsisecurity.com\/fr\/a-propos-de-nous\/nos-politiques\/lengagement-de-cwsi-envers-la-valeur-sociale\/"]}]},{"@type":"BreadcrumbList","@id":"https:\/\/cwsisecurity.com\/fr\/a-propos-de-nous\/nos-politiques\/lengagement-de-cwsi-envers-la-valeur-sociale\/#breadcrumb","itemListElement":[{"@type":"ListItem","position":1,"name":"Accueil","item":"https:\/\/cwsisecurity.com\/fr\/"},{"@type":"ListItem","position":2,"name":"\u00c0 propos de nous","item":"https:\/\/cwsisecurity.com\/fr\/a-propos-de-nous\/"},{"@type":"ListItem","position":3,"name":"Nos politiques","item":"https:\/\/cwsisecurity.com\/fr\/a-propos-de-nous\/nos-politiques\/"},{"@type":"ListItem","position":4,"name":"L\u2019engagement de CWSI envers la valeur sociale"}]},{"@type":"WebSite","@id":"https:\/\/cwsisecurity.com\/fr\/#website","url":"https:\/\/cwsisecurity.com\/fr\/","name":"CWSI","description":"","publisher":{"@id":"https:\/\/cwsisecurity.com\/fr\/#organization"},"potentialAction":[{"@type":"SearchAction","target":{"@type":"EntryPoint","urlTemplate":"https:\/\/cwsisecurity.com\/fr\/?s={search_term_string}"},"query-input":{"@type":"PropertyValueSpecification","valueRequired":true,"valueName":"search_term_string"}}],"inLanguage":"fr-FR"},{"@type":"Organization","@id":"https:\/\/cwsisecurity.com\/fr\/#organization","name":"CWSI","url":"https:\/\/cwsisecurity.com\/fr\/","logo":{"@type":"ImageObject","inLanguage":"fr-FR","@id":"https:\/\/cwsisecurity.com\/fr\/#\/schema\/logo\/image\/","url":"https:\/\/cwsisecurity.com\/wp-content\/uploads\/2026\/03\/cwsi-logo-1.svg","contentUrl":"https:\/\/cwsisecurity.com\/wp-content\/uploads\/2026\/03\/cwsi-logo-1.svg","width":125,"height":30,"caption":"CWSI"},"image":{"@id":"https:\/\/cwsisecurity.com\/fr\/#\/schema\/logo\/image\/"},"sameAs":["https:\/\/www.linkedin.com\/company\/cwsi\/","https:\/\/www.youtube.com\/@cwsimobileandcloudsecurity361"],"description":"Security made human. Compliance made simple. Protect your business without slowing it down.","email":"info.uk@cwsisecurity.com","telephone":"+44 1189 344 300","legalName":"CWSI Security","numberOfEmployees":{"@type":"QuantitativeValue","minValue":"51","maxValue":"200"}}]}},"_links":{"self":[{"href":"https:\/\/cwsisecurity.com\/fr\/wp-json\/wp\/v2\/pages\/8242","targetHints":{"allow":["GET"]}}],"collection":[{"href":"https:\/\/cwsisecurity.com\/fr\/wp-json\/wp\/v2\/pages"}],"about":[{"href":"https:\/\/cwsisecurity.com\/fr\/wp-json\/wp\/v2\/types\/page"}],"author":[{"embeddable":true,"href":"https:\/\/cwsisecurity.com\/fr\/wp-json\/wp\/v2\/users\/1"}],"replies":[{"embeddable":true,"href":"https:\/\/cwsisecurity.com\/fr\/wp-json\/wp\/v2\/comments?post=8242"}],"version-history":[{"count":1,"href":"https:\/\/cwsisecurity.com\/fr\/wp-json\/wp\/v2\/pages\/8242\/revisions"}],"predecessor-version":[{"id":8243,"href":"https:\/\/cwsisecurity.com\/fr\/wp-json\/wp\/v2\/pages\/8242\/revisions\/8243"}],"up":[{"embeddable":true,"href":"https:\/\/cwsisecurity.com\/fr\/wp-json\/wp\/v2\/pages\/5821"}],"wp:attachment":[{"href":"https:\/\/cwsisecurity.com\/fr\/wp-json\/wp\/v2\/media?parent=8242"}],"curies":[{"name":"wp","href":"https:\/\/api.w.org\/{rel}","templated":true}]}}