{"id":8231,"date":"2026-02-02T14:02:36","date_gmt":"2026-02-02T14:02:36","guid":{"rendered":"https:\/\/cwsisecurity.com\/a-propos-de-nous\/nos-politiques\/plan-de-reduction-du-carbone\/"},"modified":"2026-03-26T11:53:34","modified_gmt":"2026-03-26T11:53:34","slug":"plan-de-reduction-du-carbone","status":"publish","type":"page","link":"https:\/\/cwsisecurity.com\/fr\/a-propos-de-nous\/nos-politiques\/plan-de-reduction-du-carbone\/","title":{"rendered":"Plan de r\u00e9duction du carbone"},"content":{"rendered":"\n<h1 class=\"wp-block-heading\">Plan de r\u00e9duction du carbone<\/h1>\n\n<h2 class=\"wp-block-heading\">Engagement \u00e0 atteindre Z\u00e9ro \u00e9missions<\/h2>\n\n<p>CWSI Limited s&rsquo;engage \u00e0 atteindre Z\u00e9ro \u00e9missions d&rsquo;ici \u00e0 2050<\/p>\n\n<h2 class=\"wp-block-heading\">Bilan de r\u00e9f\u00e9rence des \u00e9missions<\/h2>\n\n<p>Les \u00e9missions de r\u00e9f\u00e9rence sont un relev\u00e9 des gaz \u00e0 effet de serre qui ont \u00e9t\u00e9 produits dans le pass\u00e9 et qui ont \u00e9t\u00e9 produits avant l&rsquo;introduction de toute strat\u00e9gie de r\u00e9duction des \u00e9missions. Les \u00e9missions de r\u00e9f\u00e9rence sont le point de r\u00e9f\u00e9rence par rapport auquel la &#13;\nr\u00e9duction des \u00e9missions peut \u00eatre mesur\u00e9e.<\/p>\n\n<p><strong>Ann\u00e9e de r\u00e9f\u00e9rence : 2025 <\/strong><br\/><strong>D\u00e9tails suppl\u00e9mentaires relatifs aux calculs des \u00e9missions de r\u00e9f\u00e9rence.<\/strong><br\/>2025 est la premi\u00e8re ann\u00e9e de collecte et de rapport des donn\u00e9es sur les \u00e9missions de carbone<br\/>par CWSI.<br\/><strong>\u00c9missions de l&rsquo;ann\u00e9e de r\u00e9f\u00e9rence :<\/strong><\/p>\n\n<figure class=\"table-responsive\"><table class=\"table \" class=\"has-fixed-layout\"><tbody><tr><td><strong>\u00c9missions<\/strong><\/td><td><strong>Total (tC02e)<\/strong><\/td><\/tr><tr><td>Cadre 1<\/td><td>0.00<\/td><\/tr><tr><td>Cadre 2<\/td><td>4.982<\/td><\/tr><tr><td>Total des \u00e9missions<\/td><td>102.977<\/td><\/tr><\/tbody><\/table><\/figure>\n\n<p><\/p>\n\n<h2 class=\"wp-block-heading\">Rapport des \u00e9missions actuelles<\/h2>\n\n<figure class=\"table-responsive\"><table class=\"table \" class=\"has-fixed-layout\"><tbody><tr><td><strong>Ann\u00e9e du rapport : 2025 <\/strong><\/td><td><strong>Total (tCO2e)<\/strong><\/td><\/tr><tr><td>\u00c9missions<\/td><td>0<\/td><\/tr><tr><td>Cadre 1<\/td><td>4.982<\/td><\/tr><tr><td>Cadre 2<\/td><td>97.994<\/td><\/tr><tr><td>Cadre 3<\/td><td>102.977<\/td><\/tr><tr><td><strong>Total des \u00e9missions<\/strong><\/td><td><\/td><\/tr><\/tbody><\/table><\/figure>\n\n<p><\/p>\n\n<h2 class=\"wp-block-heading\">Objectifs de r\u00e9duction des \u00e9missions<\/h2>\n\n<p>Afin de poursuivre notre progression vers l&rsquo;objectif Z\u00e9ro \u00e9missions, nous avons adopt\u00e9 les objectifs de r\u00e9duction de carbone suivants. Nous pr\u00e9voyons que les \u00e9missions de carbone diminueront au cours des cinq prochaines &#13;\nann\u00e9es de 80 tCO2e d&rsquo;ici \u00e0 2035. Cela repr\u00e9sente une r\u00e9duction de 25%.<\/p>\n\n<h2 class=\"wp-block-heading\">Projets de r\u00e9duction du carbone<\/h2>\n\n<p>Initiatives de r\u00e9duction du carbone termin\u00e9es<\/p>\n\n<p>Chez CWSI, notre empreinte carbone totale de r\u00e9f\u00e9rence est de 102,977 tCO\u2082e, la plus grande partie des \u00e9missions provenant des biens et services achet\u00e9s et des cha\u00eenes d&rsquo;approvisionnement technologiques relevant du Cadre 3, plut\u00f4t que de locaux \u00e9nergivores, &#13;\nde l&rsquo;exploitation d&rsquo;une flotte propre ou de d\u00e9placements professionnels importants. Sans \u00e9missions de Cadre 1, et avec des \u00e9missions de Cadre 2 relativement faibles, notre mod\u00e8le d&rsquo;exploitation en tant que fournisseur de services de cybers\u00e9curit\u00e9 ax\u00e9 sur le num\u00e9rique est &#13;\nintrins\u00e8quement sobre en carbone, soutenu par une prestation de services principalement \u00e0 distance, des b\u00e2timents aliment\u00e9s par de l&rsquo;\u00e9nergie verte et une flotte de v\u00e9hicules enti\u00e8rement hybrides ou \u00e9lectriques.<\/p>\n\n<p>Notre trajectoire vers le Z\u00e9ro \u00e9missions d&rsquo;ici \u00e0 2050 se concentre donc sur des interventions cibl\u00e9es et proportionn\u00e9es dans les domaines o\u00f9 nous pouvons avoir le plus grand impact, notamment l&rsquo;optimisation des services du cloud et informatiques, la r\u00e9duction continue des \u00e9missions li\u00e9es aux d\u00e9placements, l&rsquo;am\u00e9lioration de l&rsquo;efficacit\u00e9 de nos op\u00e9rations et<br\/>l&rsquo;engagement progressif aupr\u00e8s des principaux fournisseurs pour mettre en place des r\u00e9ductions mesurables des \u00e9missions du Cadre 3 au fil du temps.<\/p>\n\n<h2 class=\"wp-block-heading\">Futures initiatives de r\u00e9duction du carbone<\/h2>\n\n<p>\u00c0 l&rsquo;avenir, nous esp\u00e9rons mettre en \u0153uvre d&rsquo;autres mesures telles que :<\/p>\n\n<h3 class=\"wp-block-heading\">Plan formel de r\u00e9f\u00e9rence et de r\u00e9duction du carbone<\/h3>\n\n<p>\u00c9tablir une r\u00e9f\u00e9rence carbone v\u00e9rifi\u00e9e pour les Cadres 1, 2 et le Cadre 3 pertinent et publier un plan de r\u00e9duction du carbone assorti d&rsquo;objectifs interm\u00e9diaires. Ceci cr\u00e9e le socle de toutes les r\u00e9ductions futures et permet des rapports cr\u00e9dibles dans les appels d&rsquo;offres et les contrats.<\/p>\n\n<h3 class=\"wp-block-heading\">Programme de d\u00e9placements bas en carbone et pr\u00e9f\u00e9rence au t\u00e9l\u00e9-travail<\/h3>\n\n<p>Consid\u00e9rer la prestation de services \u00e0 distance comme l&rsquo;option par d\u00e9faut, avec des crit\u00e8res bien d\u00e9finis pour les cas o\u00f9 un d\u00e9placement est r\u00e9ellement n\u00e9cessaire. Introduire des politiques de d\u00e9placement privil\u00e9giant le rail et le virtuel pour r\u00e9duire de mani\u00e8re permanente les \u00e9missions li\u00e9es aux d\u00e9placements, qui constituent l&rsquo;une des sources les plus contr\u00f4lables pour CWSI.<\/p>\n\n<h3 class=\"wp-block-heading\">Optimisation de l\u2019empreinte des bureaux et de l\u2019\u00e9nergie<\/h3>\n\n<p>Rationaliser l&rsquo;espace de bureau conform\u00e9ment aux mod\u00e8les de travail hybrides et introduire un suivi<br\/>\u00e9nerg\u00e9tique pour r\u00e9duire la consommation. Renforcer les accords actuels sur l&rsquo;\u00e9nergie verte en<br\/>passant \u00e0 un approvisionnement renouvelable enti\u00e8rement v\u00e9rifiable, dans les secteurs o\u00f9 ce n&rsquo;est<br\/>pas encore le cas.<\/p>\n\n<h3 class=\"wp-block-heading\">Optimisation de la flotte et r\u00e9duction de l\u2019utilisation<\/h3>\n\n<p>S&rsquo;appuyer sur la flotte hybride et \u00e9lectrique existante en r\u00e9duisant le kilom\u00e9trage gr\u00e2ce \u00e0 une<br\/>planification plus pouss\u00e9e, sur la participation virtuelle et sur des directives plus claires quant \u00e0<br\/>l&rsquo;utilisation des v\u00e9hicules. Mettre l&rsquo;accent sur une utilisation r\u00e9duite des v\u00e9hicules, et pas seulement<br\/>sur la possession de v\u00e9hicules plus propres.<\/p>\n\n<h3 class=\"wp-block-heading\">Examen de l\u2019efficacit\u00e9 \u00e9cologique du Cloud et du syst\u00e8me informatique<\/h3>\n\n<p>S\u00e9lectionner et prioriser les fournisseurs de cloud et de technologies ayant de solides r\u00e9f\u00e9rences<br\/>en mati\u00e8re d&rsquo;\u00e9nergies renouvelables. Optimiser les charges de travail, le stockage et la<br\/>surveillance pour r\u00e9duire la demande informatique inutile, qui est une source d&rsquo;\u00e9missions<br\/>croissante mais souvent cach\u00e9e.<\/p>\n\n<h3 class=\"wp-block-heading\">Approvisionnement durable concernant les fournisseurs principaux<\/h3>\n\n<p>Introduire une norme d&rsquo;approvisionnement durable proportionn\u00e9e pour les fournisseurs essentiels,<br\/>en commen\u00e7ant par des d\u00e9clarations de base sur les \u00e9missions carbon\u00e9es et des plans d&rsquo;am\u00e9lioration plut\u00f4t que par des objectifs contraignants. Cela permet de commencer \u00e0 s&rsquo;attaquer aux \u00e9missions du Cadre 3 sans surcharger la cha\u00eene d&rsquo;approvisionnement.<\/p>\n\n<h3 class=\"wp-block-heading\">Sensibilisation du personnel aux \u00e9missions carbon\u00e9es et changement de comportement<\/h3>\n\n<p>Proposer une formation de sensibilisation aux \u00e9missions carbon\u00e9es pour le personnel, en associant<br\/>les d\u00e9cisions quotidiennes (d\u00e9placements, utilisation du mat\u00e9riel, t\u00e9l\u00e9travail) \u00e0 l&rsquo;impact sur les \u00e9missions. Cela aide \u00e0 int\u00e9grer les r\u00e9ductions dans les activit\u00e9s courantes plut\u00f4t que dans des initiatives ponctuelles.<\/p>\n\n<div style=\"height:54px\" aria-hidden=\"true\" class=\"wp-block-spacer\"><\/div>\n\n<h2 class=\"wp-block-heading\">D\u00e9claration et approbation<\/h2>\n\n<p>Ce plan de r\u00e9duction du carbone a \u00e9t\u00e9 compl\u00e9t\u00e9 conform\u00e9ment \u00e0 la note PPN 006, ainsi &#13;\nqu&rsquo;aux conseils et aux normes de rapport associ\u00e9s pour les plans de r\u00e9duction du carbone.<\/p>\n\n<p>Les \u00e9missions ont \u00e9t\u00e9 d\u00e9clar\u00e9es et enregistr\u00e9es conform\u00e9ment \u00e0 la norme des rapports<br\/>publi\u00e9e pour les plans de r\u00e9duction du carbone et \u00e0 la norme d&rsquo;entreprise du protocole des<br\/>rapports sur les GES1 et utilise les facteurs de conversion d&rsquo;\u00e9missions du gouvernement<br\/>appropri\u00e9s pour les rapports sur les GESdes entreprises2.<br\/><br\/>Les \u00e9missions du Cadre 1 et du Cadre 2 ont \u00e9t\u00e9 d\u00e9clar\u00e9es conform\u00e9ment aux exigences de<br\/>la SECR, et le sous-ensemble requis des \u00e9missions du Cadre 3 a \u00e9t\u00e9 d\u00e9clar\u00e9 conform\u00e9ment<br\/>\u00e0 la norme de rapport publi\u00e9e pour les plans de r\u00e9duction du carbone et \u00e0 la norme de la<br\/>cha\u00eene des valeurs d&rsquo;entreprise (Cadre 3)3<\/p>\n\n<p>Ce plan de r\u00e9duction du carbone a \u00e9t\u00e9 examin\u00e9 et approuv\u00e9 par le conseil d&rsquo;administration (ou un organe de direction \u00e9quivalent).<\/p>\n\n<p><strong>Date de publication :<\/strong> 30 janvier 2026<\/p>\n","protected":false},"excerpt":{"rendered":"<p>Plan de r\u00e9duction du carbone Engagement \u00e0 atteindre Z\u00e9ro \u00e9missions CWSI Limited s&rsquo;engage \u00e0 atteindre Z\u00e9ro \u00e9missions d&rsquo;ici \u00e0 2050 Bilan de r\u00e9f\u00e9rence des \u00e9missions Les \u00e9missions de r\u00e9f\u00e9rence sont un relev\u00e9 des gaz \u00e0 effet de serre qui ont \u00e9t\u00e9 produits dans le pass\u00e9 et qui ont \u00e9t\u00e9 produits avant l&rsquo;introduction de toute strat\u00e9gie [&hellip;]<\/p>\n","protected":false},"author":1,"featured_media":0,"parent":5821,"menu_order":0,"comment_status":"closed","ping_status":"closed","template":"","meta":{"_acf_changed":false,"inline_featured_image":false,"footnotes":""},"class_list":["post-8231","page","type-page","status-publish","hentry"],"acf":[],"yoast_head":"<!-- This site is optimized with the Yoast SEO Premium plugin v27.4 (Yoast SEO v27.5) - https:\/\/yoast.com\/product\/yoast-seo-premium-wordpress\/ -->\n<title>Plan de r\u00e9duction du carbone - CWSI<\/title>\n<meta name=\"robots\" content=\"index, follow, max-snippet:-1, max-image-preview:large, max-video-preview:-1\" \/>\n<link rel=\"canonical\" href=\"https:\/\/cwsisecurity.com\/fr\/a-propos-de-nous\/nos-politiques\/plan-de-reduction-du-carbone\/\" \/>\n<meta property=\"og:locale\" content=\"fr_FR\" \/>\n<meta property=\"og:type\" content=\"article\" \/>\n<meta property=\"og:title\" content=\"Plan de r\u00e9duction du carbone\" \/>\n<meta property=\"og:description\" content=\"Security made human. Compliance made simple. Protect your business without slowing it down.\" \/>\n<meta property=\"og:url\" content=\"https:\/\/cwsisecurity.com\/fr\/a-propos-de-nous\/nos-politiques\/plan-de-reduction-du-carbone\/\" \/>\n<meta property=\"og:site_name\" content=\"CWSI\" \/>\n<meta property=\"article:modified_time\" content=\"2026-03-26T11:53:34+00:00\" \/>\n<meta property=\"og:image\" content=\"https:\/\/cwsisecurity.com\/wp-content\/uploads\/2026\/03\/cwsi-security-made-human-1.jpg\" \/>\n\t<meta property=\"og:image:width\" content=\"1200\" \/>\n\t<meta property=\"og:image:height\" content=\"675\" \/>\n\t<meta property=\"og:image:type\" content=\"image\/jpeg\" \/>\n<meta name=\"twitter:card\" content=\"summary_large_image\" \/>\n<meta name=\"twitter:label1\" content=\"Dur\u00e9e de lecture estim\u00e9e\" \/>\n\t<meta name=\"twitter:data1\" content=\"5 minutes\" \/>\n<script type=\"application\/ld+json\" class=\"yoast-schema-graph\">{\"@context\":\"https:\\\/\\\/schema.org\",\"@graph\":[{\"@type\":\"WebPage\",\"@id\":\"https:\\\/\\\/cwsisecurity.com\\\/fr\\\/a-propos-de-nous\\\/nos-politiques\\\/plan-de-reduction-du-carbone\\\/\",\"url\":\"https:\\\/\\\/cwsisecurity.com\\\/fr\\\/a-propos-de-nous\\\/nos-politiques\\\/plan-de-reduction-du-carbone\\\/\",\"name\":\"Plan de r\u00e9duction du carbone - CWSI\",\"isPartOf\":{\"@id\":\"https:\\\/\\\/cwsisecurity.com\\\/fr\\\/#website\"},\"datePublished\":\"2026-02-02T14:02:36+00:00\",\"dateModified\":\"2026-03-26T11:53:34+00:00\",\"breadcrumb\":{\"@id\":\"https:\\\/\\\/cwsisecurity.com\\\/fr\\\/a-propos-de-nous\\\/nos-politiques\\\/plan-de-reduction-du-carbone\\\/#breadcrumb\"},\"inLanguage\":\"fr-FR\",\"potentialAction\":[{\"@type\":\"ReadAction\",\"target\":[\"https:\\\/\\\/cwsisecurity.com\\\/fr\\\/a-propos-de-nous\\\/nos-politiques\\\/plan-de-reduction-du-carbone\\\/\"]}]},{\"@type\":\"BreadcrumbList\",\"@id\":\"https:\\\/\\\/cwsisecurity.com\\\/fr\\\/a-propos-de-nous\\\/nos-politiques\\\/plan-de-reduction-du-carbone\\\/#breadcrumb\",\"itemListElement\":[{\"@type\":\"ListItem\",\"position\":1,\"name\":\"Accueil\",\"item\":\"https:\\\/\\\/cwsisecurity.com\\\/fr\\\/\"},{\"@type\":\"ListItem\",\"position\":2,\"name\":\"\u00c0 propos de nous\",\"item\":\"https:\\\/\\\/cwsisecurity.com\\\/fr\\\/a-propos-de-nous\\\/\"},{\"@type\":\"ListItem\",\"position\":3,\"name\":\"Nos politiques\",\"item\":\"https:\\\/\\\/cwsisecurity.com\\\/fr\\\/a-propos-de-nous\\\/nos-politiques\\\/\"},{\"@type\":\"ListItem\",\"position\":4,\"name\":\"Plan de r\u00e9duction du carbone\"}]},{\"@type\":\"WebSite\",\"@id\":\"https:\\\/\\\/cwsisecurity.com\\\/fr\\\/#website\",\"url\":\"https:\\\/\\\/cwsisecurity.com\\\/fr\\\/\",\"name\":\"CWSI\",\"description\":\"\",\"publisher\":{\"@id\":\"https:\\\/\\\/cwsisecurity.com\\\/fr\\\/#organization\"},\"potentialAction\":[{\"@type\":\"SearchAction\",\"target\":{\"@type\":\"EntryPoint\",\"urlTemplate\":\"https:\\\/\\\/cwsisecurity.com\\\/fr\\\/?s={search_term_string}\"},\"query-input\":{\"@type\":\"PropertyValueSpecification\",\"valueRequired\":true,\"valueName\":\"search_term_string\"}}],\"inLanguage\":\"fr-FR\"},{\"@type\":\"Organization\",\"@id\":\"https:\\\/\\\/cwsisecurity.com\\\/fr\\\/#organization\",\"name\":\"CWSI\",\"url\":\"https:\\\/\\\/cwsisecurity.com\\\/fr\\\/\",\"logo\":{\"@type\":\"ImageObject\",\"inLanguage\":\"fr-FR\",\"@id\":\"https:\\\/\\\/cwsisecurity.com\\\/fr\\\/#\\\/schema\\\/logo\\\/image\\\/\",\"url\":\"https:\\\/\\\/cwsisecurity.com\\\/wp-content\\\/uploads\\\/2026\\\/03\\\/cwsi-logo-1.svg\",\"contentUrl\":\"https:\\\/\\\/cwsisecurity.com\\\/wp-content\\\/uploads\\\/2026\\\/03\\\/cwsi-logo-1.svg\",\"width\":125,\"height\":30,\"caption\":\"CWSI\"},\"image\":{\"@id\":\"https:\\\/\\\/cwsisecurity.com\\\/fr\\\/#\\\/schema\\\/logo\\\/image\\\/\"},\"sameAs\":[\"https:\\\/\\\/www.linkedin.com\\\/company\\\/cwsi\\\/\",\"https:\\\/\\\/www.youtube.com\\\/@cwsimobileandcloudsecurity361\"],\"description\":\"Security made human. Compliance made simple. Protect your business without slowing it down.\",\"email\":\"info.uk@cwsisecurity.com\",\"telephone\":\"+44 1189 344 300\",\"legalName\":\"CWSI Security\",\"numberOfEmployees\":{\"@type\":\"QuantitativeValue\",\"minValue\":\"51\",\"maxValue\":\"200\"}}]}<\/script>\n<!-- \/ Yoast SEO Premium plugin. -->","yoast_head_json":{"title":"Plan de r\u00e9duction du carbone - CWSI","robots":{"index":"index","follow":"follow","max-snippet":"max-snippet:-1","max-image-preview":"max-image-preview:large","max-video-preview":"max-video-preview:-1"},"canonical":"https:\/\/cwsisecurity.com\/fr\/a-propos-de-nous\/nos-politiques\/plan-de-reduction-du-carbone\/","og_locale":"fr_FR","og_type":"article","og_title":"Plan de r\u00e9duction du carbone","og_description":"Security made human. Compliance made simple. Protect your business without slowing it down.","og_url":"https:\/\/cwsisecurity.com\/fr\/a-propos-de-nous\/nos-politiques\/plan-de-reduction-du-carbone\/","og_site_name":"CWSI","article_modified_time":"2026-03-26T11:53:34+00:00","og_image":[{"width":1200,"height":675,"url":"https:\/\/cwsisecurity.com\/wp-content\/uploads\/2026\/03\/cwsi-security-made-human-1.jpg","type":"image\/jpeg"}],"twitter_card":"summary_large_image","twitter_misc":{"Dur\u00e9e de lecture estim\u00e9e":"5 minutes"},"schema":{"@context":"https:\/\/schema.org","@graph":[{"@type":"WebPage","@id":"https:\/\/cwsisecurity.com\/fr\/a-propos-de-nous\/nos-politiques\/plan-de-reduction-du-carbone\/","url":"https:\/\/cwsisecurity.com\/fr\/a-propos-de-nous\/nos-politiques\/plan-de-reduction-du-carbone\/","name":"Plan de r\u00e9duction du carbone - CWSI","isPartOf":{"@id":"https:\/\/cwsisecurity.com\/fr\/#website"},"datePublished":"2026-02-02T14:02:36+00:00","dateModified":"2026-03-26T11:53:34+00:00","breadcrumb":{"@id":"https:\/\/cwsisecurity.com\/fr\/a-propos-de-nous\/nos-politiques\/plan-de-reduction-du-carbone\/#breadcrumb"},"inLanguage":"fr-FR","potentialAction":[{"@type":"ReadAction","target":["https:\/\/cwsisecurity.com\/fr\/a-propos-de-nous\/nos-politiques\/plan-de-reduction-du-carbone\/"]}]},{"@type":"BreadcrumbList","@id":"https:\/\/cwsisecurity.com\/fr\/a-propos-de-nous\/nos-politiques\/plan-de-reduction-du-carbone\/#breadcrumb","itemListElement":[{"@type":"ListItem","position":1,"name":"Accueil","item":"https:\/\/cwsisecurity.com\/fr\/"},{"@type":"ListItem","position":2,"name":"\u00c0 propos de nous","item":"https:\/\/cwsisecurity.com\/fr\/a-propos-de-nous\/"},{"@type":"ListItem","position":3,"name":"Nos politiques","item":"https:\/\/cwsisecurity.com\/fr\/a-propos-de-nous\/nos-politiques\/"},{"@type":"ListItem","position":4,"name":"Plan de r\u00e9duction du carbone"}]},{"@type":"WebSite","@id":"https:\/\/cwsisecurity.com\/fr\/#website","url":"https:\/\/cwsisecurity.com\/fr\/","name":"CWSI","description":"","publisher":{"@id":"https:\/\/cwsisecurity.com\/fr\/#organization"},"potentialAction":[{"@type":"SearchAction","target":{"@type":"EntryPoint","urlTemplate":"https:\/\/cwsisecurity.com\/fr\/?s={search_term_string}"},"query-input":{"@type":"PropertyValueSpecification","valueRequired":true,"valueName":"search_term_string"}}],"inLanguage":"fr-FR"},{"@type":"Organization","@id":"https:\/\/cwsisecurity.com\/fr\/#organization","name":"CWSI","url":"https:\/\/cwsisecurity.com\/fr\/","logo":{"@type":"ImageObject","inLanguage":"fr-FR","@id":"https:\/\/cwsisecurity.com\/fr\/#\/schema\/logo\/image\/","url":"https:\/\/cwsisecurity.com\/wp-content\/uploads\/2026\/03\/cwsi-logo-1.svg","contentUrl":"https:\/\/cwsisecurity.com\/wp-content\/uploads\/2026\/03\/cwsi-logo-1.svg","width":125,"height":30,"caption":"CWSI"},"image":{"@id":"https:\/\/cwsisecurity.com\/fr\/#\/schema\/logo\/image\/"},"sameAs":["https:\/\/www.linkedin.com\/company\/cwsi\/","https:\/\/www.youtube.com\/@cwsimobileandcloudsecurity361"],"description":"Security made human. Compliance made simple. Protect your business without slowing it down.","email":"info.uk@cwsisecurity.com","telephone":"+44 1189 344 300","legalName":"CWSI Security","numberOfEmployees":{"@type":"QuantitativeValue","minValue":"51","maxValue":"200"}}]}},"_links":{"self":[{"href":"https:\/\/cwsisecurity.com\/fr\/wp-json\/wp\/v2\/pages\/8231","targetHints":{"allow":["GET"]}}],"collection":[{"href":"https:\/\/cwsisecurity.com\/fr\/wp-json\/wp\/v2\/pages"}],"about":[{"href":"https:\/\/cwsisecurity.com\/fr\/wp-json\/wp\/v2\/types\/page"}],"author":[{"embeddable":true,"href":"https:\/\/cwsisecurity.com\/fr\/wp-json\/wp\/v2\/users\/1"}],"replies":[{"embeddable":true,"href":"https:\/\/cwsisecurity.com\/fr\/wp-json\/wp\/v2\/comments?post=8231"}],"version-history":[{"count":1,"href":"https:\/\/cwsisecurity.com\/fr\/wp-json\/wp\/v2\/pages\/8231\/revisions"}],"predecessor-version":[{"id":8232,"href":"https:\/\/cwsisecurity.com\/fr\/wp-json\/wp\/v2\/pages\/8231\/revisions\/8232"}],"up":[{"embeddable":true,"href":"https:\/\/cwsisecurity.com\/fr\/wp-json\/wp\/v2\/pages\/5821"}],"wp:attachment":[{"href":"https:\/\/cwsisecurity.com\/fr\/wp-json\/wp\/v2\/media?parent=8231"}],"curies":[{"name":"wp","href":"https:\/\/api.w.org\/{rel}","templated":true}]}}