{"id":5588,"date":"2026-01-15T10:51:57","date_gmt":"2026-01-15T10:51:57","guid":{"rendered":"https:\/\/cwsisecurity.com\/feuille-de-route-de-la-securite-de-lia\/"},"modified":"2026-02-06T13:08:44","modified_gmt":"2026-02-06T13:08:44","slug":"feuille-de-route-de-la-securite-de-lia","status":"publish","type":"page","link":"https:\/\/cwsisecurity.com\/fr\/feuille-de-route-de-la-securite-de-lia\/","title":{"rendered":"Roadmap S\u00e9curit\u00e9 de l&rsquo;IA"},"content":{"rendered":"\n<h1 class=\"wp-block-heading\">Roadmap S\u00e9curit\u00e9 de l&rsquo;IA<\/h1>\n\n<h2 class=\"wp-block-heading\">Identifiez les risques li\u00e9s \u00e0 l&rsquo;IA en quelques minutes et repartez avec un plan d\u2019action pr\u00e9cis.<\/h2>\n\n<div class=\"wp-block-columns is-layout-flex wp-container-core-columns-is-layout-28f84493 wp-block-columns-is-layout-flex\">\n<div class=\"wp-block-column is-layout-flow wp-block-column-is-layout-flow\" style=\"flex-basis:66.66%\">\n<div style=\"height:73px\" aria-hidden=\"true\" class=\"wp-block-spacer\"><\/div>\n\n\n\n<ul class=\"wp-block-list\">\n<li>Obtenez une vision sectorielle claire du paysage actuel des menaces li\u00e9es \u00e0 l\u2019IA.<\/li>\n\n\n\n<li>Identifiez o\u00f9 se situent les risques et les opportunit\u00e9s IA dans votre secteur.<\/li>\n\n\n\n<li>Comprenez le co\u00fbt cach\u00e9 d\u2019un d\u00e9ploiement tardif de l\u2019IA.<\/li>\n\n\n\n<li>B\u00e9n\u00e9ficiez de conseils concrets et actionnables pour renforcer votre gouvernance et r\u00e9duire l\u2019exposition.<\/li>\n\n\n\n<li>Recevez une roadmap personnalis\u00e9e, bas\u00e9e sur vos besoins r\u00e9els \u2014 pas sur des recommandations g\u00e9n\u00e9riques.<\/li>\n\n\n\n<li>Avancez en confiance avec des priorit\u00e9s clarifi\u00e9es pour une mise en \u0153uvre s\u00e9curis\u00e9e de l\u2019IA.<\/li>\n<\/ul>\n\n\n\n<div style=\"height:51px\" aria-hidden=\"true\" class=\"wp-block-spacer\"><\/div>\n\n\n\n<div class=\"wp-block-buttons is-layout-flex gap-1 mb-3\">\n<div class=\"wp-block-button is-style-fill\"><a class=\"btn btn-primary has-background wp-element-button\" href=\"#aiassessment\" style=\"border-style:none;border-width:0px;border-radius:0px;background-color:#6fade3\"><strong><mark style=\"background-color:rgba(0, 0, 0, 0)\" class=\"has-inline-color has-white-color\">D\u00e9marrez <\/mark>votre <mark style=\"background-color:rgba(0, 0, 0, 0)\" class=\"has-inline-color has-white-color\">Roadmap S\u00e9curit\u00e9 de l&rsquo;IA d\u00e8s maintenant<\/mark><\/strong><\/a><\/div>\n<\/div>\n<\/div>\n\n\n\n<div class=\"wp-block-column is-layout-flow wp-block-column-is-layout-flow\" style=\"flex-basis:33.33%\"><\/div>\n<\/div>\n\n<div style=\"height:100px\" aria-hidden=\"true\" class=\"wp-block-spacer\"><\/div>\n\n<h2 class=\"wp-block-heading\">D\u00e9marrez votre Roadmap S\u00e9curit\u00e9 de l&rsquo;IA d\u00e8s aujourd&rsquo;hui<\/h2>\n\n<div style=\"height:14px\" aria-hidden=\"true\" class=\"wp-block-spacer\"><\/div>\n\n<p>Notre roadmap gratuite est con\u00e7ue pour fournir un rapport hautement personnalis\u00e9 bas\u00e9 sur les informations que vous partagez. Elle vous aide \u00e0 identifier les d\u00e9fis cybers\u00e9curit\u00e9 sp\u00e9cifiques auxquels votre organisation pourrait \u00eatre confront\u00e9e lors de l\u2019int\u00e9gration de l\u2019IA.<br\/>Une fois le court formulaire compl\u00e9t\u00e9, vous recevrez une roadmap sur mesure qui met en \u00e9vidence le paysage actuel des menaces dans votre secteur, d\u00e9taille les co\u00fbts potentiels li\u00e9s au retard de d\u00e9ploiement de l\u2019IA et propose des actions pratiques et concr\u00e8tes pour renforcer la <a href=\"https:\/\/cwsisecurity.com\/our-four-practices\/governance-risk-compliance-advisory-services\/ai-governance-services\/\">gouvernance de l&rsquo;IA<\/a> de votre organisation. <\/p>\n\n<p>Que vous soyez aux premiers stades de l&rsquo;exploration de l&rsquo;IA ou que vous cherchiez \u00e0 renforcer votre strat\u00e9gie existante, la Roadmap S\u00e9curit\u00e9 de l&rsquo;IA vous fournit les informations dont vous avez besoin.<\/p>\n\n<p id=\"aiassessment\"><strong>Remplissez le formulaire de 2 minutes ci-dessous et recevez votre Roadmap S\u00e9curit\u00e9 de l&rsquo;IA personnalis\u00e9e d\u00e8s aujourd&rsquo;hui.<\/strong><\/p>\n\n<div style=\"height:61px\" aria-hidden=\"true\" class=\"wp-block-spacer\"><\/div>\n\n<div data-tf-live=\"01JTJSQ5SS107C4VVT9J8RW8PY\"><\/div><script src=\"\/\/embed.typeform.com\/next\/embed.js\"><\/script>\n","protected":false},"excerpt":{"rendered":"<p>Roadmap S\u00e9curit\u00e9 de l&rsquo;IA Identifiez les risques li\u00e9s \u00e0 l&rsquo;IA en quelques minutes et repartez avec un plan d\u2019action pr\u00e9cis. D\u00e9marrez votre Roadmap S\u00e9curit\u00e9 de l&rsquo;IA d\u00e8s aujourd&rsquo;hui Notre roadmap gratuite est con\u00e7ue pour fournir un rapport hautement personnalis\u00e9 bas\u00e9 sur les informations que vous partagez. Elle vous aide \u00e0 identifier les d\u00e9fis cybers\u00e9curit\u00e9 sp\u00e9cifiques [&hellip;]<\/p>\n","protected":false},"author":1,"featured_media":0,"parent":0,"menu_order":0,"comment_status":"closed","ping_status":"closed","template":"","meta":{"_acf_changed":false,"inline_featured_image":false,"footnotes":""},"class_list":["post-5588","page","type-page","status-publish","hentry"],"acf":[],"yoast_head":"<!-- This site is optimized with the Yoast SEO Premium plugin v27.3 (Yoast SEO v27.4) - https:\/\/yoast.com\/product\/yoast-seo-premium-wordpress\/ -->\n<title>Roadmap S\u00e9curit\u00e9 de l&#039;IA - CWSI<\/title>\n<meta name=\"robots\" content=\"index, follow, max-snippet:-1, max-image-preview:large, max-video-preview:-1\" \/>\n<link rel=\"canonical\" href=\"https:\/\/cwsisecurity.com\/fr\/feuille-de-route-de-la-securite-de-lia\/\" \/>\n<meta property=\"og:locale\" content=\"fr_FR\" \/>\n<meta property=\"og:type\" content=\"article\" \/>\n<meta property=\"og:title\" content=\"Roadmap S\u00e9curit\u00e9 de l&#039;IA\" \/>\n<meta property=\"og:description\" content=\"Security made human. Compliance made simple. Protect your business without slowing it down.\" \/>\n<meta property=\"og:url\" content=\"https:\/\/cwsisecurity.com\/fr\/feuille-de-route-de-la-securite-de-lia\/\" \/>\n<meta property=\"og:site_name\" content=\"CWSI\" \/>\n<meta property=\"article:modified_time\" content=\"2026-02-06T13:08:44+00:00\" \/>\n<meta property=\"og:image\" content=\"https:\/\/cwsisecurity.com\/wp-content\/uploads\/2026\/03\/cwsi-security-made-human-1.jpg\" \/>\n\t<meta property=\"og:image:width\" content=\"1200\" \/>\n\t<meta property=\"og:image:height\" content=\"675\" \/>\n\t<meta property=\"og:image:type\" content=\"image\/jpeg\" \/>\n<meta name=\"twitter:card\" content=\"summary_large_image\" \/>\n<meta name=\"twitter:label1\" content=\"Dur\u00e9e de lecture estim\u00e9e\" \/>\n\t<meta name=\"twitter:data1\" content=\"1 minute\" \/>\n<script type=\"application\/ld+json\" class=\"yoast-schema-graph\">{\"@context\":\"https:\\\/\\\/schema.org\",\"@graph\":[{\"@type\":\"WebPage\",\"@id\":\"https:\\\/\\\/cwsisecurity.com\\\/fr\\\/feuille-de-route-de-la-securite-de-lia\\\/\",\"url\":\"https:\\\/\\\/cwsisecurity.com\\\/fr\\\/feuille-de-route-de-la-securite-de-lia\\\/\",\"name\":\"Roadmap S\u00e9curit\u00e9 de l'IA - CWSI\",\"isPartOf\":{\"@id\":\"https:\\\/\\\/cwsisecurity.com\\\/fr\\\/#website\"},\"datePublished\":\"2026-01-15T10:51:57+00:00\",\"dateModified\":\"2026-02-06T13:08:44+00:00\",\"breadcrumb\":{\"@id\":\"https:\\\/\\\/cwsisecurity.com\\\/fr\\\/feuille-de-route-de-la-securite-de-lia\\\/#breadcrumb\"},\"inLanguage\":\"fr-FR\",\"potentialAction\":[{\"@type\":\"ReadAction\",\"target\":[\"https:\\\/\\\/cwsisecurity.com\\\/fr\\\/feuille-de-route-de-la-securite-de-lia\\\/\"]}]},{\"@type\":\"BreadcrumbList\",\"@id\":\"https:\\\/\\\/cwsisecurity.com\\\/fr\\\/feuille-de-route-de-la-securite-de-lia\\\/#breadcrumb\",\"itemListElement\":[{\"@type\":\"ListItem\",\"position\":1,\"name\":\"Accueil\",\"item\":\"https:\\\/\\\/cwsisecurity.com\\\/fr\\\/\"},{\"@type\":\"ListItem\",\"position\":2,\"name\":\"Roadmap S\u00e9curit\u00e9 de l&#8217;IA\"}]},{\"@type\":\"WebSite\",\"@id\":\"https:\\\/\\\/cwsisecurity.com\\\/fr\\\/#website\",\"url\":\"https:\\\/\\\/cwsisecurity.com\\\/fr\\\/\",\"name\":\"CWSI\",\"description\":\"\",\"publisher\":{\"@id\":\"https:\\\/\\\/cwsisecurity.com\\\/fr\\\/#organization\"},\"potentialAction\":[{\"@type\":\"SearchAction\",\"target\":{\"@type\":\"EntryPoint\",\"urlTemplate\":\"https:\\\/\\\/cwsisecurity.com\\\/fr\\\/?s={search_term_string}\"},\"query-input\":{\"@type\":\"PropertyValueSpecification\",\"valueRequired\":true,\"valueName\":\"search_term_string\"}}],\"inLanguage\":\"fr-FR\"},{\"@type\":\"Organization\",\"@id\":\"https:\\\/\\\/cwsisecurity.com\\\/fr\\\/#organization\",\"name\":\"CWSI\",\"url\":\"https:\\\/\\\/cwsisecurity.com\\\/fr\\\/\",\"logo\":{\"@type\":\"ImageObject\",\"inLanguage\":\"fr-FR\",\"@id\":\"https:\\\/\\\/cwsisecurity.com\\\/fr\\\/#\\\/schema\\\/logo\\\/image\\\/\",\"url\":\"https:\\\/\\\/cwsisecurity.com\\\/wp-content\\\/uploads\\\/2026\\\/03\\\/cwsi-logo-1.svg\",\"contentUrl\":\"https:\\\/\\\/cwsisecurity.com\\\/wp-content\\\/uploads\\\/2026\\\/03\\\/cwsi-logo-1.svg\",\"width\":125,\"height\":30,\"caption\":\"CWSI\"},\"image\":{\"@id\":\"https:\\\/\\\/cwsisecurity.com\\\/fr\\\/#\\\/schema\\\/logo\\\/image\\\/\"},\"sameAs\":[\"https:\\\/\\\/www.linkedin.com\\\/company\\\/cwsi\\\/\",\"https:\\\/\\\/www.youtube.com\\\/@cwsimobileandcloudsecurity361\"],\"description\":\"Security made human. Compliance made simple. Protect your business without slowing it down.\",\"email\":\"info.uk@cwsisecurity.com\",\"telephone\":\"+44 1189 344 300\",\"legalName\":\"CWSI Security\",\"numberOfEmployees\":{\"@type\":\"QuantitativeValue\",\"minValue\":\"51\",\"maxValue\":\"200\"}}]}<\/script>\n<!-- \/ Yoast SEO Premium plugin. -->","yoast_head_json":{"title":"Roadmap S\u00e9curit\u00e9 de l'IA - CWSI","robots":{"index":"index","follow":"follow","max-snippet":"max-snippet:-1","max-image-preview":"max-image-preview:large","max-video-preview":"max-video-preview:-1"},"canonical":"https:\/\/cwsisecurity.com\/fr\/feuille-de-route-de-la-securite-de-lia\/","og_locale":"fr_FR","og_type":"article","og_title":"Roadmap S\u00e9curit\u00e9 de l'IA","og_description":"Security made human. Compliance made simple. Protect your business without slowing it down.","og_url":"https:\/\/cwsisecurity.com\/fr\/feuille-de-route-de-la-securite-de-lia\/","og_site_name":"CWSI","article_modified_time":"2026-02-06T13:08:44+00:00","og_image":[{"width":1200,"height":675,"url":"https:\/\/cwsisecurity.com\/wp-content\/uploads\/2026\/03\/cwsi-security-made-human-1.jpg","type":"image\/jpeg"}],"twitter_card":"summary_large_image","twitter_misc":{"Dur\u00e9e de lecture estim\u00e9e":"1 minute"},"schema":{"@context":"https:\/\/schema.org","@graph":[{"@type":"WebPage","@id":"https:\/\/cwsisecurity.com\/fr\/feuille-de-route-de-la-securite-de-lia\/","url":"https:\/\/cwsisecurity.com\/fr\/feuille-de-route-de-la-securite-de-lia\/","name":"Roadmap S\u00e9curit\u00e9 de l'IA - CWSI","isPartOf":{"@id":"https:\/\/cwsisecurity.com\/fr\/#website"},"datePublished":"2026-01-15T10:51:57+00:00","dateModified":"2026-02-06T13:08:44+00:00","breadcrumb":{"@id":"https:\/\/cwsisecurity.com\/fr\/feuille-de-route-de-la-securite-de-lia\/#breadcrumb"},"inLanguage":"fr-FR","potentialAction":[{"@type":"ReadAction","target":["https:\/\/cwsisecurity.com\/fr\/feuille-de-route-de-la-securite-de-lia\/"]}]},{"@type":"BreadcrumbList","@id":"https:\/\/cwsisecurity.com\/fr\/feuille-de-route-de-la-securite-de-lia\/#breadcrumb","itemListElement":[{"@type":"ListItem","position":1,"name":"Accueil","item":"https:\/\/cwsisecurity.com\/fr\/"},{"@type":"ListItem","position":2,"name":"Roadmap S\u00e9curit\u00e9 de l&#8217;IA"}]},{"@type":"WebSite","@id":"https:\/\/cwsisecurity.com\/fr\/#website","url":"https:\/\/cwsisecurity.com\/fr\/","name":"CWSI","description":"","publisher":{"@id":"https:\/\/cwsisecurity.com\/fr\/#organization"},"potentialAction":[{"@type":"SearchAction","target":{"@type":"EntryPoint","urlTemplate":"https:\/\/cwsisecurity.com\/fr\/?s={search_term_string}"},"query-input":{"@type":"PropertyValueSpecification","valueRequired":true,"valueName":"search_term_string"}}],"inLanguage":"fr-FR"},{"@type":"Organization","@id":"https:\/\/cwsisecurity.com\/fr\/#organization","name":"CWSI","url":"https:\/\/cwsisecurity.com\/fr\/","logo":{"@type":"ImageObject","inLanguage":"fr-FR","@id":"https:\/\/cwsisecurity.com\/fr\/#\/schema\/logo\/image\/","url":"https:\/\/cwsisecurity.com\/wp-content\/uploads\/2026\/03\/cwsi-logo-1.svg","contentUrl":"https:\/\/cwsisecurity.com\/wp-content\/uploads\/2026\/03\/cwsi-logo-1.svg","width":125,"height":30,"caption":"CWSI"},"image":{"@id":"https:\/\/cwsisecurity.com\/fr\/#\/schema\/logo\/image\/"},"sameAs":["https:\/\/www.linkedin.com\/company\/cwsi\/","https:\/\/www.youtube.com\/@cwsimobileandcloudsecurity361"],"description":"Security made human. Compliance made simple. Protect your business without slowing it down.","email":"info.uk@cwsisecurity.com","telephone":"+44 1189 344 300","legalName":"CWSI Security","numberOfEmployees":{"@type":"QuantitativeValue","minValue":"51","maxValue":"200"}}]}},"_links":{"self":[{"href":"https:\/\/cwsisecurity.com\/fr\/wp-json\/wp\/v2\/pages\/5588","targetHints":{"allow":["GET"]}}],"collection":[{"href":"https:\/\/cwsisecurity.com\/fr\/wp-json\/wp\/v2\/pages"}],"about":[{"href":"https:\/\/cwsisecurity.com\/fr\/wp-json\/wp\/v2\/types\/page"}],"author":[{"embeddable":true,"href":"https:\/\/cwsisecurity.com\/fr\/wp-json\/wp\/v2\/users\/1"}],"replies":[{"embeddable":true,"href":"https:\/\/cwsisecurity.com\/fr\/wp-json\/wp\/v2\/comments?post=5588"}],"version-history":[{"count":0,"href":"https:\/\/cwsisecurity.com\/fr\/wp-json\/wp\/v2\/pages\/5588\/revisions"}],"wp:attachment":[{"href":"https:\/\/cwsisecurity.com\/fr\/wp-json\/wp\/v2\/media?parent=5588"}],"curies":[{"name":"wp","href":"https:\/\/api.w.org\/{rel}","templated":true}]}}