{"id":4944,"date":"2026-01-13T14:22:30","date_gmt":"2026-01-13T14:22:30","guid":{"rendered":"https:\/\/cwsisecurity.com\/feuille-de-route-pour-une-ia-securisee\/"},"modified":"2026-02-08T13:29:35","modified_gmt":"2026-02-08T13:29:35","slug":"feuille-de-route-pour-une-ia-securisee","status":"publish","type":"page","link":"https:\/\/cwsisecurity.com\/fr\/feuille-de-route-pour-une-ia-securisee\/","title":{"rendered":"Feuille de route pour une IA s\u00e9curis\u00e9e"},"content":{"rendered":"\n<h1 class=\"wp-block-heading\">R\u00e9pondez \u00e0 10 questions,<br\/>Obtenez votre plan d\u2019action pour une adoption s\u00e9curis\u00e9e de l\u2019IA.<\/h1>\n\n<div style=\"height:100px\" aria-hidden=\"true\" class=\"wp-block-spacer\"><\/div>\n\n<h2 class=\"wp-block-heading has-text-align-left\" style=\"font-size:30px\"><mark style=\"background-color:rgba(0, 0, 0, 0);color:#2e328c\" class=\"has-inline-color\"><strong>Le monde se divise entre les gagnants de l\u2019IA et les spectateurs de l\u2019IA.<\/strong> <br\/><\/mark><strong>5 minutes peuvent d\u00e9cider de votre r\u00f4le.<\/strong><\/h2>\n\n<div style=\"height:20px\" aria-hidden=\"true\" class=\"wp-block-spacer\"><\/div>\n\n<p class=\"has-text-align-left\">Remplissez le court formulaire ci-dessous et d\u00e9bloquez votre feuille de route personnalis\u00e9e en mati\u00e8re de s\u00e9curit\u00e9 de l\u2019IA, un guide sur mesure qui met en \u00e9vidence les d\u00e9fis de cybers\u00e9curit\u00e9 auxquels votre organisation peut \u00eatre confront\u00e9e, r\u00e9v\u00e8le les co\u00fbts potentiels du retard dans l\u2019adoption de l\u2019IA et fournit des \u00e9tapes claires et r\u00e9alisables pour renforcer votre gouvernance.<\/p>\n\n<div data-tf-live=\"01JTJSQ5SS107C4VVT9J8RW8PY\"><\/div><script src=\"\/\/embed.typeform.com\/next\/embed.js\"><\/script>\n","protected":false},"excerpt":{"rendered":"<p>R\u00e9pondez \u00e0 10 questions,Obtenez votre plan d\u2019action pour une adoption s\u00e9curis\u00e9e de l\u2019IA. Le monde se divise entre les gagnants de l\u2019IA et les spectateurs de l\u2019IA. 5 minutes peuvent d\u00e9cider de votre r\u00f4le. Remplissez le court formulaire ci-dessous et d\u00e9bloquez votre feuille de route personnalis\u00e9e en mati\u00e8re de s\u00e9curit\u00e9 de l\u2019IA, un guide sur [&hellip;]<\/p>\n","protected":false},"author":1,"featured_media":0,"parent":0,"menu_order":0,"comment_status":"closed","ping_status":"closed","template":"","meta":{"_acf_changed":false,"inline_featured_image":false,"footnotes":""},"class_list":["post-4944","page","type-page","status-publish","hentry"],"acf":[],"yoast_head":"<!-- This site is optimized with the Yoast SEO Premium plugin v27.3 (Yoast SEO v27.4) - https:\/\/yoast.com\/product\/yoast-seo-premium-wordpress\/ -->\n<title>Feuille de route pour une IA s\u00e9curis\u00e9e - CWSI<\/title>\n<meta name=\"robots\" content=\"index, follow, max-snippet:-1, max-image-preview:large, max-video-preview:-1\" \/>\n<link rel=\"canonical\" href=\"https:\/\/cwsisecurity.com\/fr\/feuille-de-route-pour-une-ia-securisee\/\" \/>\n<meta property=\"og:locale\" content=\"fr_FR\" \/>\n<meta property=\"og:type\" content=\"article\" \/>\n<meta property=\"og:title\" content=\"Feuille de route pour une IA s\u00e9curis\u00e9e\" \/>\n<meta property=\"og:description\" content=\"Security made human. Compliance made simple. Protect your business without slowing it down.\" \/>\n<meta property=\"og:url\" content=\"https:\/\/cwsisecurity.com\/fr\/feuille-de-route-pour-une-ia-securisee\/\" \/>\n<meta property=\"og:site_name\" content=\"CWSI\" \/>\n<meta property=\"article:modified_time\" content=\"2026-02-08T13:29:35+00:00\" \/>\n<meta property=\"og:image\" content=\"https:\/\/cwsisecurity.com\/wp-content\/uploads\/2026\/03\/cwsi-security-made-human-1.jpg\" \/>\n\t<meta property=\"og:image:width\" content=\"1200\" \/>\n\t<meta property=\"og:image:height\" content=\"675\" \/>\n\t<meta property=\"og:image:type\" content=\"image\/jpeg\" \/>\n<meta name=\"twitter:card\" content=\"summary_large_image\" \/>\n<meta name=\"twitter:label1\" content=\"Dur\u00e9e de lecture estim\u00e9e\" \/>\n\t<meta name=\"twitter:data1\" content=\"1 minute\" \/>\n<script type=\"application\/ld+json\" class=\"yoast-schema-graph\">{\"@context\":\"https:\\\/\\\/schema.org\",\"@graph\":[{\"@type\":\"WebPage\",\"@id\":\"https:\\\/\\\/cwsisecurity.com\\\/fr\\\/feuille-de-route-pour-une-ia-securisee\\\/\",\"url\":\"https:\\\/\\\/cwsisecurity.com\\\/fr\\\/feuille-de-route-pour-une-ia-securisee\\\/\",\"name\":\"Feuille de route pour une IA s\u00e9curis\u00e9e - CWSI\",\"isPartOf\":{\"@id\":\"https:\\\/\\\/cwsisecurity.com\\\/fr\\\/#website\"},\"datePublished\":\"2026-01-13T14:22:30+00:00\",\"dateModified\":\"2026-02-08T13:29:35+00:00\",\"breadcrumb\":{\"@id\":\"https:\\\/\\\/cwsisecurity.com\\\/fr\\\/feuille-de-route-pour-une-ia-securisee\\\/#breadcrumb\"},\"inLanguage\":\"fr-FR\",\"potentialAction\":[{\"@type\":\"ReadAction\",\"target\":[\"https:\\\/\\\/cwsisecurity.com\\\/fr\\\/feuille-de-route-pour-une-ia-securisee\\\/\"]}]},{\"@type\":\"BreadcrumbList\",\"@id\":\"https:\\\/\\\/cwsisecurity.com\\\/fr\\\/feuille-de-route-pour-une-ia-securisee\\\/#breadcrumb\",\"itemListElement\":[{\"@type\":\"ListItem\",\"position\":1,\"name\":\"Accueil\",\"item\":\"https:\\\/\\\/cwsisecurity.com\\\/fr\\\/\"},{\"@type\":\"ListItem\",\"position\":2,\"name\":\"Feuille de route pour une IA s\u00e9curis\u00e9e\"}]},{\"@type\":\"WebSite\",\"@id\":\"https:\\\/\\\/cwsisecurity.com\\\/fr\\\/#website\",\"url\":\"https:\\\/\\\/cwsisecurity.com\\\/fr\\\/\",\"name\":\"CWSI\",\"description\":\"\",\"publisher\":{\"@id\":\"https:\\\/\\\/cwsisecurity.com\\\/fr\\\/#organization\"},\"potentialAction\":[{\"@type\":\"SearchAction\",\"target\":{\"@type\":\"EntryPoint\",\"urlTemplate\":\"https:\\\/\\\/cwsisecurity.com\\\/fr\\\/?s={search_term_string}\"},\"query-input\":{\"@type\":\"PropertyValueSpecification\",\"valueRequired\":true,\"valueName\":\"search_term_string\"}}],\"inLanguage\":\"fr-FR\"},{\"@type\":\"Organization\",\"@id\":\"https:\\\/\\\/cwsisecurity.com\\\/fr\\\/#organization\",\"name\":\"CWSI\",\"url\":\"https:\\\/\\\/cwsisecurity.com\\\/fr\\\/\",\"logo\":{\"@type\":\"ImageObject\",\"inLanguage\":\"fr-FR\",\"@id\":\"https:\\\/\\\/cwsisecurity.com\\\/fr\\\/#\\\/schema\\\/logo\\\/image\\\/\",\"url\":\"https:\\\/\\\/cwsisecurity.com\\\/wp-content\\\/uploads\\\/2026\\\/03\\\/cwsi-logo-1.svg\",\"contentUrl\":\"https:\\\/\\\/cwsisecurity.com\\\/wp-content\\\/uploads\\\/2026\\\/03\\\/cwsi-logo-1.svg\",\"width\":125,\"height\":30,\"caption\":\"CWSI\"},\"image\":{\"@id\":\"https:\\\/\\\/cwsisecurity.com\\\/fr\\\/#\\\/schema\\\/logo\\\/image\\\/\"},\"sameAs\":[\"https:\\\/\\\/www.linkedin.com\\\/company\\\/cwsi\\\/\",\"https:\\\/\\\/www.youtube.com\\\/@cwsimobileandcloudsecurity361\"],\"description\":\"Security made human. Compliance made simple. Protect your business without slowing it down.\",\"email\":\"info.uk@cwsisecurity.com\",\"telephone\":\"+44 1189 344 300\",\"legalName\":\"CWSI Security\",\"numberOfEmployees\":{\"@type\":\"QuantitativeValue\",\"minValue\":\"51\",\"maxValue\":\"200\"}}]}<\/script>\n<!-- \/ Yoast SEO Premium plugin. -->","yoast_head_json":{"title":"Feuille de route pour une IA s\u00e9curis\u00e9e - CWSI","robots":{"index":"index","follow":"follow","max-snippet":"max-snippet:-1","max-image-preview":"max-image-preview:large","max-video-preview":"max-video-preview:-1"},"canonical":"https:\/\/cwsisecurity.com\/fr\/feuille-de-route-pour-une-ia-securisee\/","og_locale":"fr_FR","og_type":"article","og_title":"Feuille de route pour une IA s\u00e9curis\u00e9e","og_description":"Security made human. Compliance made simple. Protect your business without slowing it down.","og_url":"https:\/\/cwsisecurity.com\/fr\/feuille-de-route-pour-une-ia-securisee\/","og_site_name":"CWSI","article_modified_time":"2026-02-08T13:29:35+00:00","og_image":[{"width":1200,"height":675,"url":"https:\/\/cwsisecurity.com\/wp-content\/uploads\/2026\/03\/cwsi-security-made-human-1.jpg","type":"image\/jpeg"}],"twitter_card":"summary_large_image","twitter_misc":{"Dur\u00e9e de lecture estim\u00e9e":"1 minute"},"schema":{"@context":"https:\/\/schema.org","@graph":[{"@type":"WebPage","@id":"https:\/\/cwsisecurity.com\/fr\/feuille-de-route-pour-une-ia-securisee\/","url":"https:\/\/cwsisecurity.com\/fr\/feuille-de-route-pour-une-ia-securisee\/","name":"Feuille de route pour une IA s\u00e9curis\u00e9e - CWSI","isPartOf":{"@id":"https:\/\/cwsisecurity.com\/fr\/#website"},"datePublished":"2026-01-13T14:22:30+00:00","dateModified":"2026-02-08T13:29:35+00:00","breadcrumb":{"@id":"https:\/\/cwsisecurity.com\/fr\/feuille-de-route-pour-une-ia-securisee\/#breadcrumb"},"inLanguage":"fr-FR","potentialAction":[{"@type":"ReadAction","target":["https:\/\/cwsisecurity.com\/fr\/feuille-de-route-pour-une-ia-securisee\/"]}]},{"@type":"BreadcrumbList","@id":"https:\/\/cwsisecurity.com\/fr\/feuille-de-route-pour-une-ia-securisee\/#breadcrumb","itemListElement":[{"@type":"ListItem","position":1,"name":"Accueil","item":"https:\/\/cwsisecurity.com\/fr\/"},{"@type":"ListItem","position":2,"name":"Feuille de route pour une IA s\u00e9curis\u00e9e"}]},{"@type":"WebSite","@id":"https:\/\/cwsisecurity.com\/fr\/#website","url":"https:\/\/cwsisecurity.com\/fr\/","name":"CWSI","description":"","publisher":{"@id":"https:\/\/cwsisecurity.com\/fr\/#organization"},"potentialAction":[{"@type":"SearchAction","target":{"@type":"EntryPoint","urlTemplate":"https:\/\/cwsisecurity.com\/fr\/?s={search_term_string}"},"query-input":{"@type":"PropertyValueSpecification","valueRequired":true,"valueName":"search_term_string"}}],"inLanguage":"fr-FR"},{"@type":"Organization","@id":"https:\/\/cwsisecurity.com\/fr\/#organization","name":"CWSI","url":"https:\/\/cwsisecurity.com\/fr\/","logo":{"@type":"ImageObject","inLanguage":"fr-FR","@id":"https:\/\/cwsisecurity.com\/fr\/#\/schema\/logo\/image\/","url":"https:\/\/cwsisecurity.com\/wp-content\/uploads\/2026\/03\/cwsi-logo-1.svg","contentUrl":"https:\/\/cwsisecurity.com\/wp-content\/uploads\/2026\/03\/cwsi-logo-1.svg","width":125,"height":30,"caption":"CWSI"},"image":{"@id":"https:\/\/cwsisecurity.com\/fr\/#\/schema\/logo\/image\/"},"sameAs":["https:\/\/www.linkedin.com\/company\/cwsi\/","https:\/\/www.youtube.com\/@cwsimobileandcloudsecurity361"],"description":"Security made human. Compliance made simple. Protect your business without slowing it down.","email":"info.uk@cwsisecurity.com","telephone":"+44 1189 344 300","legalName":"CWSI Security","numberOfEmployees":{"@type":"QuantitativeValue","minValue":"51","maxValue":"200"}}]}},"_links":{"self":[{"href":"https:\/\/cwsisecurity.com\/fr\/wp-json\/wp\/v2\/pages\/4944","targetHints":{"allow":["GET"]}}],"collection":[{"href":"https:\/\/cwsisecurity.com\/fr\/wp-json\/wp\/v2\/pages"}],"about":[{"href":"https:\/\/cwsisecurity.com\/fr\/wp-json\/wp\/v2\/types\/page"}],"author":[{"embeddable":true,"href":"https:\/\/cwsisecurity.com\/fr\/wp-json\/wp\/v2\/users\/1"}],"replies":[{"embeddable":true,"href":"https:\/\/cwsisecurity.com\/fr\/wp-json\/wp\/v2\/comments?post=4944"}],"version-history":[{"count":0,"href":"https:\/\/cwsisecurity.com\/fr\/wp-json\/wp\/v2\/pages\/4944\/revisions"}],"wp:attachment":[{"href":"https:\/\/cwsisecurity.com\/fr\/wp-json\/wp\/v2\/media?parent=4944"}],"curies":[{"name":"wp","href":"https:\/\/api.w.org\/{rel}","templated":true}]}}